{"id":853,"date":"2022-11-17T23:14:25","date_gmt":"2022-11-17T22:14:25","guid":{"rendered":"https:\/\/clarachetan.com\/?post_type=product&#038;p=853"},"modified":"2024-03-11T19:21:10","modified_gmt":"2024-03-11T18:21:10","slug":"bords-de-seine","status":"publish","type":"product","link":"https:\/\/clarachetan.com\/index.php\/produit\/bords-de-seine\/","title":{"rendered":"Bords de Seine"},"content":{"rendered":"","protected":false},"excerpt":{"rendered":"","protected":false},"featured_media":583,"template":"","meta":{"spay_email":""},"product_cat":[31],"product_tag":[],"class_list":["post-853","product","type-product","status-publish","has-post-thumbnail","hentry","product_cat-back-to-spring"],"jetpack-related-posts":[{"id":2268,"url":"https:\/\/clarachetan.com\/index.php\/produit\/la-seine-jo\/","url_meta":{"origin":853,"position":0},"title":"La Seine, JO &#8211; limited edition","date":"21 ao\u00fbt 2024","format":false,"excerpt":"Illustration sign\u00e9e et num\u00e9rot\u00e9e \u00e0 100 exemplaires.","rel":"","context":"Article similaire","img":{"alt_text":"","src":"https:\/\/i0.wp.com\/clarachetan.com\/wp-content\/uploads\/2024\/08\/JO-visuelscc_Plan-de-travail-1-copie-scaled.jpg?fit=848%2C1200&ssl=1&resize=350%2C200","width":350,"height":200},"classes":[]},{"id":2750,"url":"https:\/\/clarachetan.com\/index.php\/produit\/molitor-diva-au-bord-de-leau-edition-limitee-2\/","url_meta":{"origin":853,"position":1},"title":"Molitor &#8211; Diva au bord de l&rsquo;eau . \u00e9dition limit\u00e9e","date":"24 juin 2025","format":false,"excerpt":"S\u00e9rie en \u00e9dition limit\u00e9e de la c\u00e9l\u00e8bre Piscine Molitor. Un d\u00e9cor art d\u00e9co et un rooftop avec une vue imprenable sur la tour Eiffel.","rel":"","context":"Article similaire","img":{"alt_text":"","src":"https:\/\/i0.wp.com\/clarachetan.com\/wp-content\/uploads\/2025\/06\/site-molitor_Plan-de-travail-1.jpg?fit=849%2C1200&ssl=1&resize=350%2C200","width":350,"height":200},"classes":[]},{"id":2737,"url":"https:\/\/clarachetan.com\/index.php\/produit\/molitor-diva-au-bord-de-leau-edition-limitee\/","url_meta":{"origin":853,"position":2},"title":"Molitor &#8211; Bain de soleil . \u00e9dition limit\u00e9e","date":"24 juin 2025","format":false,"excerpt":"S\u00e9rie en \u00e9dition limit\u00e9e de la c\u00e9l\u00e8bre Piscine Molitor. Un d\u00e9cor art d\u00e9co et un rooftop avec une vue imprenable sur la tour Eiffel.","rel":"","context":"Article similaire","img":{"alt_text":"","src":"https:\/\/i0.wp.com\/clarachetan.com\/wp-content\/uploads\/2025\/06\/site-molitor_Plan-de-travail-1-copie-2.jpg?fit=849%2C1200&ssl=1&resize=350%2C200","width":350,"height":200},"classes":[]}],"_links":{"self":[{"href":"https:\/\/clarachetan.com\/index.php\/wp-json\/wp\/v2\/product\/853","targetHints":{"allow":["GET"]}}],"collection":[{"href":"https:\/\/clarachetan.com\/index.php\/wp-json\/wp\/v2\/product"}],"about":[{"href":"https:\/\/clarachetan.com\/index.php\/wp-json\/wp\/v2\/types\/product"}],"wp:featuredmedia":[{"embeddable":true,"href":"https:\/\/clarachetan.com\/index.php\/wp-json\/wp\/v2\/media\/583"}],"wp:attachment":[{"href":"https:\/\/clarachetan.com\/index.php\/wp-json\/wp\/v2\/media?parent=853"}],"wp:term":[{"taxonomy":"product_cat","embeddable":true,"href":"https:\/\/clarachetan.com\/index.php\/wp-json\/wp\/v2\/product_cat?post=853"},{"taxonomy":"product_tag","embeddable":true,"href":"https:\/\/clarachetan.com\/index.php\/wp-json\/wp\/v2\/product_tag?post=853"}],"curies":[{"name":"wp","href":"https:\/\/api.w.org\/{rel}","templated":true}]}}