{"id":1684,"date":"2023-08-29T19:33:20","date_gmt":"2023-08-29T17:33:20","guid":{"rendered":"https:\/\/clarachetan.com\/?post_type=product&#038;p=1684"},"modified":"2025-01-16T19:17:27","modified_gmt":"2025-01-16T18:17:27","slug":"vrai-paris","status":"publish","type":"product","link":"https:\/\/clarachetan.com\/index.php\/produit\/vrai-paris\/","title":{"rendered":"Vrai Paris"},"content":{"rendered":"","protected":false},"excerpt":{"rendered":"","protected":false},"featured_media":1674,"template":"","meta":{"spay_email":""},"product_cat":[63],"product_tag":[],"class_list":["post-1684","product","type-product","status-publish","has-post-thumbnail","hentry","product_cat-paris-en-fleurs","product_shipping_class-formats-moyens-a4"],"jetpack-related-posts":[{"id":1690,"url":"https:\/\/clarachetan.com\/index.php\/produit\/sur-les-toits-de-paris\/","url_meta":{"origin":1684,"position":0},"title":"Sur les toits de Paris","date":"29 ao\u00fbt 2023","format":false,"excerpt":"","rel":"","context":"Article similaire","img":{"alt_text":"","src":"https:\/\/i0.wp.com\/clarachetan.com\/wp-content\/uploads\/2023\/08\/Parisenfleur-serie-lestoitsdeparis-scaled.jpg?fit=848%2C1200&ssl=1&resize=350%2C200","width":350,"height":200},"classes":[]},{"id":2236,"url":"https:\/\/clarachetan.com\/index.php\/produit\/tennis-a-paris-jo\/","url_meta":{"origin":1684,"position":1},"title":"Tennis \u00e0 Paris, JO &#8211; limited edition","date":"21 ao\u00fbt 2024","format":false,"excerpt":"Illustration sign\u00e9e et num\u00e9rot\u00e9e \u00e0 100 exemplaires.","rel":"","context":"Article similaire","img":{"alt_text":"","src":"https:\/\/i0.wp.com\/clarachetan.com\/wp-content\/uploads\/2024\/08\/JO-visus-1_Plan-de-travail-1.jpg?fit=849%2C1200&ssl=1&resize=350%2C200","width":350,"height":200},"classes":[]},{"id":1758,"url":"https:\/\/clarachetan.com\/index.php\/produit\/la-baigneuse-paris\/","url_meta":{"origin":1684,"position":2},"title":"La Baigneuse, Paris","date":"11 octobre 2023","format":false,"excerpt":"","rel":"","context":"Article similaire","img":{"alt_text":"","src":"https:\/\/i0.wp.com\/clarachetan.com\/wp-content\/uploads\/2023\/10\/paris-fairy-tale-site_Plan-de-travail-1-copie-scaled.jpg?fit=848%2C1200&ssl=1&resize=350%2C200","width":350,"height":200},"classes":[]},{"id":1781,"url":"https:\/\/clarachetan.com\/index.php\/produit\/cocooning-paris\/","url_meta":{"origin":1684,"position":3},"title":"Cocooning, Paris","date":"11 octobre 2023","format":false,"excerpt":"","rel":"","context":"Article similaire","img":{"alt_text":"","src":"https:\/\/i0.wp.com\/clarachetan.com\/wp-content\/uploads\/2023\/10\/paris-fairy-tale-site_Plan-de-travail-1-scaled.jpg?fit=848%2C1200&ssl=1&resize=350%2C200","width":350,"height":200},"classes":[]},{"id":1785,"url":"https:\/\/clarachetan.com\/index.php\/produit\/lipstick-paris\/","url_meta":{"origin":1684,"position":4},"title":"Lipstick, Paris","date":"11 octobre 2023","format":false,"excerpt":"","rel":"","context":"Article similaire","img":{"alt_text":"","src":"https:\/\/i0.wp.com\/clarachetan.com\/wp-content\/uploads\/2023\/10\/paris-fairy-tale-site-03-scaled.jpg?fit=848%2C1200&ssl=1&resize=350%2C200","width":350,"height":200},"classes":[]},{"id":2067,"url":"https:\/\/clarachetan.com\/index.php\/produit\/le-touquet-paris-plage\/","url_meta":{"origin":1684,"position":5},"title":"Le Touquet-Paris-Plage","date":"12 mars 2024","format":false,"excerpt":"","rel":"","context":"Article similaire","img":{"alt_text":"","src":"https:\/\/i0.wp.com\/clarachetan.com\/wp-content\/uploads\/2024\/03\/touquet-site-17-3-scaled.jpg?fit=848%2C1200&ssl=1&resize=350%2C200","width":350,"height":200},"classes":[]}],"_links":{"self":[{"href":"https:\/\/clarachetan.com\/index.php\/wp-json\/wp\/v2\/product\/1684","targetHints":{"allow":["GET"]}}],"collection":[{"href":"https:\/\/clarachetan.com\/index.php\/wp-json\/wp\/v2\/product"}],"about":[{"href":"https:\/\/clarachetan.com\/index.php\/wp-json\/wp\/v2\/types\/product"}],"wp:featuredmedia":[{"embeddable":true,"href":"https:\/\/clarachetan.com\/index.php\/wp-json\/wp\/v2\/media\/1674"}],"wp:attachment":[{"href":"https:\/\/clarachetan.com\/index.php\/wp-json\/wp\/v2\/media?parent=1684"}],"wp:term":[{"taxonomy":"product_cat","embeddable":true,"href":"https:\/\/clarachetan.com\/index.php\/wp-json\/wp\/v2\/product_cat?post=1684"},{"taxonomy":"product_tag","embeddable":true,"href":"https:\/\/clarachetan.com\/index.php\/wp-json\/wp\/v2\/product_tag?post=1684"}],"curies":[{"name":"wp","href":"https:\/\/api.w.org\/{rel}","templated":true}]}}