{"id":2592,"date":"2025-05-01T11:14:29","date_gmt":"2025-05-01T09:14:29","guid":{"rendered":"https:\/\/clarachetan.com\/?page_id=2592"},"modified":"2025-05-01T11:20:45","modified_gmt":"2025-05-01T09:20:45","slug":"touquet","status":"publish","type":"page","link":"https:\/\/clarachetan.com\/index.php\/touquet\/","title":{"rendered":"Touquet"},"content":{"rendered":"\t\t<div data-elementor-type=\"wp-page\" data-elementor-id=\"2592\" class=\"elementor elementor-2592\">\n\t\t\t\t\t\t\t\t\t<section class=\"elementor-section elementor-top-section elementor-element elementor-element-afe255a elementor-section-boxed elementor-section-height-default elementor-section-height-default parallax_section_no qode_elementor_container_no\" data-id=\"afe255a\" data-element_type=\"section\">\n\t\t\t\t\t\t<div class=\"elementor-container elementor-column-gap-default\">\n\t\t\t\t\t<div class=\"elementor-column elementor-col-100 elementor-top-column elementor-element elementor-element-f2c96d2\" data-id=\"f2c96d2\" data-element_type=\"column\" data-settings=\"{&quot;background_background&quot;:&quot;classic&quot;}\">\n\t\t\t<div class=\"elementor-widget-wrap elementor-element-populated\">\n\t\t\t\t\t\t\t\t<section class=\"elementor-section elementor-inner-section elementor-element elementor-element-6a38f66 elementor-section-boxed elementor-section-height-default elementor-section-height-default parallax_section_no qode_elementor_container_no\" data-id=\"6a38f66\" data-element_type=\"section\" data-settings=\"{&quot;background_background&quot;:&quot;classic&quot;}\">\n\t\t\t\t\t\t<div class=\"elementor-container elementor-column-gap-default\">\n\t\t\t\t\t<div class=\"elementor-column elementor-col-100 elementor-inner-column elementor-element elementor-element-8e66d02\" data-id=\"8e66d02\" data-element_type=\"column\" data-settings=\"{&quot;background_background&quot;:&quot;classic&quot;}\">\n\t\t\t<div class=\"elementor-widget-wrap elementor-element-populated\">\n\t\t\t\t\t\t\t\t<div class=\"elementor-element elementor-element-909dbae elementor-widget elementor-widget-heading\" data-id=\"909dbae\" data-element_type=\"widget\" data-widget_type=\"heading.default\">\n\t\t\t\t<div class=\"elementor-widget-container\">\n\t\t\t<style>\/*! elementor - v3.7.8 - 02-10-2022 *\/\n.elementor-heading-title{padding:0;margin:0;line-height:1}.elementor-widget-heading .elementor-heading-title[class*=elementor-size-]>a{color:inherit;font-size:inherit;line-height:inherit}.elementor-widget-heading .elementor-heading-title.elementor-size-small{font-size:15px}.elementor-widget-heading .elementor-heading-title.elementor-size-medium{font-size:19px}.elementor-widget-heading .elementor-heading-title.elementor-size-large{font-size:29px}.elementor-widget-heading .elementor-heading-title.elementor-size-xl{font-size:39px}.elementor-widget-heading .elementor-heading-title.elementor-size-xxl{font-size:59px}<\/style><h1 class=\"elementor-heading-title elementor-size-default\">La Manufacture du Touquet, \nbox illustr\u00e9es<\/h1>\t\t<\/div>\n\t\t\t\t<\/div>\n\t\t\t\t<div class=\"elementor-element elementor-element-08cf5c2 elementor-widget elementor-widget-text-editor\" data-id=\"08cf5c2\" data-element_type=\"widget\" data-widget_type=\"text-editor.default\">\n\t\t\t\t<div class=\"elementor-widget-container\">\n\t\t\t<style>\/*! elementor - v3.7.8 - 02-10-2022 *\/\n.elementor-widget-text-editor.elementor-drop-cap-view-stacked .elementor-drop-cap{background-color:#818a91;color:#fff}.elementor-widget-text-editor.elementor-drop-cap-view-framed .elementor-drop-cap{color:#818a91;border:3px solid;background-color:transparent}.elementor-widget-text-editor:not(.elementor-drop-cap-view-default) .elementor-drop-cap{margin-top:8px}.elementor-widget-text-editor:not(.elementor-drop-cap-view-default) .elementor-drop-cap-letter{width:1em;height:1em}.elementor-widget-text-editor .elementor-drop-cap{float:left;text-align:center;line-height:1;font-size:50px}.elementor-widget-text-editor .elementor-drop-cap-letter{display:inline-block}<\/style>\t\t\t\t<p>Cr\u00e9ation de box illustr\u00e9es pour La Manufacture du Touquet.<\/p>\t\t\t\t\t\t<\/div>\n\t\t\t\t<\/div>\n\t\t\t\t\t<\/div>\n\t\t<\/div>\n\t\t\t\t\t\t\t<\/div>\n\t\t<\/section>\n\t\t\t\t<div class=\"elementor-element elementor-element-7745add elementor-widget elementor-widget-image\" data-id=\"7745add\" data-element_type=\"widget\" data-widget_type=\"image.default\">\n\t\t\t\t<div class=\"elementor-widget-container\">\n\t\t\t<style>\/*! elementor - v3.7.8 - 02-10-2022 *\/\n.elementor-widget-image{text-align:center}.elementor-widget-image a{display:inline-block}.elementor-widget-image a img[src$=\".svg\"]{width:48px}.elementor-widget-image img{vertical-align:middle;display:inline-block}<\/style>\t\t\t\t\t\t\t\t\t\t\t\t<img loading=\"lazy\" decoding=\"async\" width=\"2400\" height=\"1720\" src=\"https:\/\/i0.wp.com\/clarachetan.com\/wp-content\/uploads\/2025\/05\/biscuits-letouquet.jpg?fit=2400%2C1720&amp;ssl=1\" class=\"attachment-full size-full\" alt=\"\" srcset=\"https:\/\/i0.wp.com\/clarachetan.com\/wp-content\/uploads\/2025\/05\/biscuits-letouquet.jpg?w=2400&amp;ssl=1 2400w, https:\/\/i0.wp.com\/clarachetan.com\/wp-content\/uploads\/2025\/05\/biscuits-letouquet.jpg?resize=300%2C215&amp;ssl=1 300w, https:\/\/i0.wp.com\/clarachetan.com\/wp-content\/uploads\/2025\/05\/biscuits-letouquet.jpg?resize=1024%2C734&amp;ssl=1 1024w, https:\/\/i0.wp.com\/clarachetan.com\/wp-content\/uploads\/2025\/05\/biscuits-letouquet.jpg?resize=768%2C550&amp;ssl=1 768w, https:\/\/i0.wp.com\/clarachetan.com\/wp-content\/uploads\/2025\/05\/biscuits-letouquet.jpg?resize=1536%2C1101&amp;ssl=1 1536w, https:\/\/i0.wp.com\/clarachetan.com\/wp-content\/uploads\/2025\/05\/biscuits-letouquet.jpg?resize=2048%2C1468&amp;ssl=1 2048w, https:\/\/i0.wp.com\/clarachetan.com\/wp-content\/uploads\/2025\/05\/biscuits-letouquet.jpg?resize=700%2C502&amp;ssl=1 700w, https:\/\/i0.wp.com\/clarachetan.com\/wp-content\/uploads\/2025\/05\/biscuits-letouquet.jpg?resize=600%2C430&amp;ssl=1 600w, https:\/\/i0.wp.com\/clarachetan.com\/wp-content\/uploads\/2025\/05\/biscuits-letouquet.jpg?w=2120&amp;ssl=1 2120w\" sizes=\"auto, (max-width: 1060px) 100vw, 1060px\" \/>\t\t\t\t\t\t\t\t\t\t\t\t\t\t\t<\/div>\n\t\t\t\t<\/div>\n\t\t\t\t\t<\/div>\n\t\t<\/div>\n\t\t\t\t\t\t\t<\/div>\n\t\t<\/section>\n\t\t\t\t<section class=\"elementor-section elementor-top-section elementor-element elementor-element-63465b1 elementor-section-boxed elementor-section-height-default elementor-section-height-default parallax_section_no qode_elementor_container_no\" data-id=\"63465b1\" data-element_type=\"section\">\n\t\t\t\t\t\t<div class=\"elementor-container elementor-column-gap-default\">\n\t\t\t\t\t<div class=\"elementor-column elementor-col-100 elementor-top-column elementor-element elementor-element-1c44009\" data-id=\"1c44009\" data-element_type=\"column\">\n\t\t\t<div class=\"elementor-widget-wrap elementor-element-populated\">\n\t\t\t\t\t\t\t\t<div class=\"elementor-element elementor-element-0eab743 elementor-widget elementor-widget-image\" data-id=\"0eab743\" data-element_type=\"widget\" data-widget_type=\"image.default\">\n\t\t\t\t<div class=\"elementor-widget-container\">\n\t\t\t\t\t\t\t\t\t\t\t\t\t\t\t<img loading=\"lazy\" decoding=\"async\" width=\"1024\" height=\"734\" src=\"https:\/\/i0.wp.com\/clarachetan.com\/wp-content\/uploads\/2025\/05\/biscuits-letouquet2.jpg?fit=1024%2C734&amp;ssl=1\" class=\"attachment-large size-large\" alt=\"\" srcset=\"https:\/\/i0.wp.com\/clarachetan.com\/wp-content\/uploads\/2025\/05\/biscuits-letouquet2.jpg?w=2400&amp;ssl=1 2400w, https:\/\/i0.wp.com\/clarachetan.com\/wp-content\/uploads\/2025\/05\/biscuits-letouquet2.jpg?resize=300%2C215&amp;ssl=1 300w, https:\/\/i0.wp.com\/clarachetan.com\/wp-content\/uploads\/2025\/05\/biscuits-letouquet2.jpg?resize=1024%2C734&amp;ssl=1 1024w, https:\/\/i0.wp.com\/clarachetan.com\/wp-content\/uploads\/2025\/05\/biscuits-letouquet2.jpg?resize=768%2C550&amp;ssl=1 768w, https:\/\/i0.wp.com\/clarachetan.com\/wp-content\/uploads\/2025\/05\/biscuits-letouquet2.jpg?resize=1536%2C1101&amp;ssl=1 1536w, https:\/\/i0.wp.com\/clarachetan.com\/wp-content\/uploads\/2025\/05\/biscuits-letouquet2.jpg?resize=2048%2C1468&amp;ssl=1 2048w, https:\/\/i0.wp.com\/clarachetan.com\/wp-content\/uploads\/2025\/05\/biscuits-letouquet2.jpg?resize=700%2C502&amp;ssl=1 700w, https:\/\/i0.wp.com\/clarachetan.com\/wp-content\/uploads\/2025\/05\/biscuits-letouquet2.jpg?resize=600%2C430&amp;ssl=1 600w, https:\/\/i0.wp.com\/clarachetan.com\/wp-content\/uploads\/2025\/05\/biscuits-letouquet2.jpg?w=2120&amp;ssl=1 2120w\" sizes=\"auto, (max-width: 1024px) 100vw, 1024px\" \/>\t\t\t\t\t\t\t\t\t\t\t\t\t\t\t<\/div>\n\t\t\t\t<\/div>\n\t\t\t\t\t<\/div>\n\t\t<\/div>\n\t\t\t\t\t\t\t<\/div>\n\t\t<\/section>\n\t\t\t\t\t\t\t<\/div>\n\t\t","protected":false},"excerpt":{"rendered":"<p>La Manufacture du Touquet, box illustr\u00e9es Cr\u00e9ation de box illustr\u00e9es pour La Manufacture du Touquet.<\/p>\n","protected":false},"author":1,"featured_media":0,"parent":0,"menu_order":0,"comment_status":"closed","ping_status":"closed","template":"","meta":{"spay_email":"","footnotes":""},"class_list":["post-2592","page","type-page","status-publish","hentry"],"jetpack-related-posts":[{"id":2437,"url":"https:\/\/clarachetan.com\/index.php\/wonderbox-2\/","url_meta":{"origin":2592,"position":0},"title":"Wonderbox","date":"19 janvier 2025","format":false,"excerpt":"Wonderbox, box illustr\u00e9s Cr\u00e9ation de box illustr\u00e9es pour Wonderbox.","rel":"","context":"Article similaire","img":{"alt_text":"","src":"https:\/\/i0.wp.com\/clarachetan.com\/wp-content\/uploads\/2025\/01\/wonderbox.jpg?resize=350%2C200&ssl=1","width":350,"height":200},"classes":[]},{"id":2449,"url":"https:\/\/clarachetan.com\/index.php\/elementor-2449\/","url_meta":{"origin":2592,"position":1},"title":"Fresque illustr\u00e9e H\u00f4tel Renaissance","date":"19 janvier 2025","format":false,"excerpt":"Fresque illustr\u00e9e \u00e0 l'H\u00f4tel Renaissance, Paris Cr\u00e9ation d'une fresque illustr\u00e9e pour la p\u00e9riode des f\u00eates de No\u00ebl au sein de l'H\u00f4tel Renaissance Paris. Illustrations r\u00e9alis\u00e9es au posca \u00e0 la main sur la porte d'entr\u00e9e ainsi que sur 7 vitres \u00e0 l'int\u00e9rieur du lieu.","rel":"","context":"Article similaire","img":{"alt_text":"","src":"https:\/\/i0.wp.com\/clarachetan.com\/wp-content\/uploads\/2025\/01\/fresque-4.jpg?resize=350%2C200&ssl=1","width":350,"height":200},"classes":[]},{"id":2463,"url":"https:\/\/clarachetan.com\/index.php\/elementor-2463\/","url_meta":{"origin":2592,"position":2},"title":"Omnis","date":"19 janvier 2025","format":false,"excerpt":"Omnis, cartes de v\u0153ux Cartes de v\u0153ux 2025 illustr\u00e9es r\u00e9alis\u00e9es pour la soci\u00e9t\u00e9 Omnis.\u00a0","rel":"","context":"Article similaire","img":{"alt_text":"","src":"https:\/\/i0.wp.com\/clarachetan.com\/wp-content\/uploads\/2025\/01\/omnis-2b.jpg?resize=350%2C200&ssl=1","width":350,"height":200},"classes":[]},{"id":2483,"url":"https:\/\/clarachetan.com\/index.php\/elementor-2483\/","url_meta":{"origin":2592,"position":3},"title":"pascale edition","date":"20 janvier 2025","format":false,"excerpt":"Papeterie Pascale Edition Cr\u00e9ation de 8 cartes illustr\u00e9es sur le th\u00e8me de Paris et des f\u00eates.Ces cartes sont vendues au Bon march\u00e9 et dans de c\u00e9l\u00e8bres librairies parisiennes.","rel":"","context":"Article similaire","img":{"alt_text":"","src":"https:\/\/i0.wp.com\/clarachetan.com\/wp-content\/uploads\/2025\/01\/p.e-2.jpg?resize=350%2C200&ssl=1","width":350,"height":200},"classes":[]},{"id":1908,"url":"https:\/\/clarachetan.com\/index.php\/la-fete-des-vendanges-de-montmartre\/","url_meta":{"origin":2592,"position":4},"title":"La F\u00eate des Vendanges de Montmartre","date":"6 novembre 2023","format":false,"excerpt":"La F\u00eate des Vendanges de Montmartre Cr\u00e9ation de 2 affiches illustr\u00e9es pour les Vendanges de Montmartre. Organisation d\u2019un concours avec la ville de Paris sur leurs r\u00e9seaux sociaux.","rel":"","context":"Article similaire","img":{"alt_text":"","src":"https:\/\/i0.wp.com\/clarachetan.com\/wp-content\/uploads\/2023\/11\/collabs2-SITE-09-scaled.jpg?resize=350%2C200&ssl=1","width":350,"height":200},"classes":[]},{"id":1427,"url":"https:\/\/clarachetan.com\/index.php\/inbox-design-gift-box\/","url_meta":{"origin":2592,"position":5},"title":"Inbox Design gift box","date":"3 janvier 2023","format":false,"excerpt":"Idbox Design gift box Pour souhaiter les voeux aux clients de l\u2019agence Idbox design, j\u2019ai propos\u00e9 un set de 3 bo\u00eetes d\u2019allumettes compos\u00e9 d\u2019illustrations que j\u2019ai r\u00e9alis\u00e9es.\u00a0","rel":"","context":"Article similaire","img":{"alt_text":"","src":"https:\/\/i0.wp.com\/clarachetan.com\/wp-content\/uploads\/2023\/01\/idbox-2.jpg?resize=350%2C200&ssl=1","width":350,"height":200},"classes":[]}],"_links":{"self":[{"href":"https:\/\/clarachetan.com\/index.php\/wp-json\/wp\/v2\/pages\/2592","targetHints":{"allow":["GET"]}}],"collection":[{"href":"https:\/\/clarachetan.com\/index.php\/wp-json\/wp\/v2\/pages"}],"about":[{"href":"https:\/\/clarachetan.com\/index.php\/wp-json\/wp\/v2\/types\/page"}],"author":[{"embeddable":true,"href":"https:\/\/clarachetan.com\/index.php\/wp-json\/wp\/v2\/users\/1"}],"replies":[{"embeddable":true,"href":"https:\/\/clarachetan.com\/index.php\/wp-json\/wp\/v2\/comments?post=2592"}],"version-history":[{"count":5,"href":"https:\/\/clarachetan.com\/index.php\/wp-json\/wp\/v2\/pages\/2592\/revisions"}],"predecessor-version":[{"id":2597,"href":"https:\/\/clarachetan.com\/index.php\/wp-json\/wp\/v2\/pages\/2592\/revisions\/2597"}],"wp:attachment":[{"href":"https:\/\/clarachetan.com\/index.php\/wp-json\/wp\/v2\/media?parent=2592"}],"curies":[{"name":"wp","href":"https:\/\/api.w.org\/{rel}","templated":true}]}}