{"id":2437,"date":"2025-01-19T01:28:25","date_gmt":"2025-01-19T00:28:25","guid":{"rendered":"https:\/\/clarachetan.com\/?page_id=2437"},"modified":"2025-01-19T01:32:02","modified_gmt":"2025-01-19T00:32:02","slug":"wonderbox-2","status":"publish","type":"page","link":"https:\/\/clarachetan.com\/index.php\/wonderbox-2\/","title":{"rendered":"Wonderbox"},"content":{"rendered":"\t\t<div data-elementor-type=\"wp-page\" data-elementor-id=\"2437\" class=\"elementor elementor-2437\">\n\t\t\t\t\t\t\t\t\t<section class=\"elementor-section elementor-top-section elementor-element elementor-element-6111627 elementor-section-boxed elementor-section-height-default elementor-section-height-default parallax_section_no qode_elementor_container_no\" data-id=\"6111627\" data-element_type=\"section\">\n\t\t\t\t\t\t<div class=\"elementor-container elementor-column-gap-default\">\n\t\t\t\t\t<div class=\"elementor-column elementor-col-100 elementor-top-column elementor-element elementor-element-ab28d22\" data-id=\"ab28d22\" data-element_type=\"column\" data-settings=\"{&quot;background_background&quot;:&quot;classic&quot;}\">\n\t\t\t<div class=\"elementor-widget-wrap elementor-element-populated\">\n\t\t\t\t\t\t\t\t<section class=\"elementor-section elementor-inner-section elementor-element elementor-element-0b10a58 elementor-section-boxed elementor-section-height-default elementor-section-height-default parallax_section_no qode_elementor_container_no\" data-id=\"0b10a58\" data-element_type=\"section\" data-settings=\"{&quot;background_background&quot;:&quot;classic&quot;}\">\n\t\t\t\t\t\t<div class=\"elementor-container elementor-column-gap-default\">\n\t\t\t\t\t<div class=\"elementor-column elementor-col-100 elementor-inner-column elementor-element elementor-element-93a0026\" data-id=\"93a0026\" data-element_type=\"column\" data-settings=\"{&quot;background_background&quot;:&quot;classic&quot;}\">\n\t\t\t<div class=\"elementor-widget-wrap elementor-element-populated\">\n\t\t\t\t\t\t\t\t<div class=\"elementor-element elementor-element-d0c7989 elementor-widget elementor-widget-heading\" data-id=\"d0c7989\" data-element_type=\"widget\" data-widget_type=\"heading.default\">\n\t\t\t\t<div class=\"elementor-widget-container\">\n\t\t\t<style>\/*! elementor - v3.7.8 - 02-10-2022 *\/\n.elementor-heading-title{padding:0;margin:0;line-height:1}.elementor-widget-heading .elementor-heading-title[class*=elementor-size-]>a{color:inherit;font-size:inherit;line-height:inherit}.elementor-widget-heading .elementor-heading-title.elementor-size-small{font-size:15px}.elementor-widget-heading .elementor-heading-title.elementor-size-medium{font-size:19px}.elementor-widget-heading .elementor-heading-title.elementor-size-large{font-size:29px}.elementor-widget-heading .elementor-heading-title.elementor-size-xl{font-size:39px}.elementor-widget-heading .elementor-heading-title.elementor-size-xxl{font-size:59px}<\/style><h1 class=\"elementor-heading-title elementor-size-default\">Wonderbox, box illustr\u00e9s<\/h1>\t\t<\/div>\n\t\t\t\t<\/div>\n\t\t\t\t<div class=\"elementor-element elementor-element-1f6142b elementor-widget elementor-widget-text-editor\" data-id=\"1f6142b\" data-element_type=\"widget\" data-widget_type=\"text-editor.default\">\n\t\t\t\t<div class=\"elementor-widget-container\">\n\t\t\t<style>\/*! elementor - v3.7.8 - 02-10-2022 *\/\n.elementor-widget-text-editor.elementor-drop-cap-view-stacked .elementor-drop-cap{background-color:#818a91;color:#fff}.elementor-widget-text-editor.elementor-drop-cap-view-framed .elementor-drop-cap{color:#818a91;border:3px solid;background-color:transparent}.elementor-widget-text-editor:not(.elementor-drop-cap-view-default) .elementor-drop-cap{margin-top:8px}.elementor-widget-text-editor:not(.elementor-drop-cap-view-default) .elementor-drop-cap-letter{width:1em;height:1em}.elementor-widget-text-editor .elementor-drop-cap{float:left;text-align:center;line-height:1;font-size:50px}.elementor-widget-text-editor .elementor-drop-cap-letter{display:inline-block}<\/style>\t\t\t\t<p>Cr\u00e9ation de box illustr\u00e9es pour Wonderbox.<\/p>\t\t\t\t\t\t<\/div>\n\t\t\t\t<\/div>\n\t\t\t\t\t<\/div>\n\t\t<\/div>\n\t\t\t\t\t\t\t<\/div>\n\t\t<\/section>\n\t\t\t\t<div class=\"elementor-element elementor-element-f634a07 elementor-widget elementor-widget-image\" data-id=\"f634a07\" data-element_type=\"widget\" data-widget_type=\"image.default\">\n\t\t\t\t<div class=\"elementor-widget-container\">\n\t\t\t<style>\/*! elementor - v3.7.8 - 02-10-2022 *\/\n.elementor-widget-image{text-align:center}.elementor-widget-image a{display:inline-block}.elementor-widget-image a img[src$=\".svg\"]{width:48px}.elementor-widget-image img{vertical-align:middle;display:inline-block}<\/style>\t\t\t\t\t\t\t\t\t\t\t\t<img loading=\"lazy\" decoding=\"async\" width=\"1950\" height=\"1380\" src=\"https:\/\/i0.wp.com\/clarachetan.com\/wp-content\/uploads\/2025\/01\/wonderbox.jpg?fit=1950%2C1380&amp;ssl=1\" class=\"attachment-full size-full\" alt=\"\" srcset=\"https:\/\/i0.wp.com\/clarachetan.com\/wp-content\/uploads\/2025\/01\/wonderbox.jpg?w=1950&amp;ssl=1 1950w, https:\/\/i0.wp.com\/clarachetan.com\/wp-content\/uploads\/2025\/01\/wonderbox.jpg?resize=300%2C212&amp;ssl=1 300w, https:\/\/i0.wp.com\/clarachetan.com\/wp-content\/uploads\/2025\/01\/wonderbox.jpg?resize=1024%2C725&amp;ssl=1 1024w, https:\/\/i0.wp.com\/clarachetan.com\/wp-content\/uploads\/2025\/01\/wonderbox.jpg?resize=768%2C544&amp;ssl=1 768w, https:\/\/i0.wp.com\/clarachetan.com\/wp-content\/uploads\/2025\/01\/wonderbox.jpg?resize=1536%2C1087&amp;ssl=1 1536w, https:\/\/i0.wp.com\/clarachetan.com\/wp-content\/uploads\/2025\/01\/wonderbox.jpg?resize=700%2C495&amp;ssl=1 700w, https:\/\/i0.wp.com\/clarachetan.com\/wp-content\/uploads\/2025\/01\/wonderbox.jpg?resize=600%2C425&amp;ssl=1 600w\" sizes=\"auto, (max-width: 1060px) 100vw, 1060px\" \/>\t\t\t\t\t\t\t\t\t\t\t\t\t\t\t<\/div>\n\t\t\t\t<\/div>\n\t\t\t\t\t<\/div>\n\t\t<\/div>\n\t\t\t\t\t\t\t<\/div>\n\t\t<\/section>\n\t\t\t\t\t\t\t<\/div>\n\t\t","protected":false},"excerpt":{"rendered":"<p>Wonderbox, box illustr\u00e9s Cr\u00e9ation de box illustr\u00e9es pour Wonderbox.<\/p>\n","protected":false},"author":1,"featured_media":0,"parent":0,"menu_order":0,"comment_status":"closed","ping_status":"closed","template":"","meta":{"spay_email":"","footnotes":""},"class_list":["post-2437","page","type-page","status-publish","hentry"],"jetpack-related-posts":[{"id":2592,"url":"https:\/\/clarachetan.com\/index.php\/touquet\/","url_meta":{"origin":2437,"position":0},"title":"Touquet","date":"1 mai 2025","format":false,"excerpt":"La Manufacture du Touquet, box illustr\u00e9es Cr\u00e9ation de box illustr\u00e9es pour La Manufacture du Touquet.","rel":"","context":"Article similaire","img":{"alt_text":"","src":"https:\/\/i0.wp.com\/clarachetan.com\/wp-content\/uploads\/2025\/05\/biscuits-letouquet.jpg?resize=350%2C200&ssl=1","width":350,"height":200},"classes":[]},{"id":1427,"url":"https:\/\/clarachetan.com\/index.php\/inbox-design-gift-box\/","url_meta":{"origin":2437,"position":1},"title":"Inbox Design gift box","date":"3 janvier 2023","format":false,"excerpt":"Idbox Design gift box Pour souhaiter les voeux aux clients de l\u2019agence Idbox design, j\u2019ai propos\u00e9 un set de 3 bo\u00eetes d\u2019allumettes compos\u00e9 d\u2019illustrations que j\u2019ai r\u00e9alis\u00e9es.\u00a0","rel":"","context":"Article similaire","img":{"alt_text":"","src":"https:\/\/i0.wp.com\/clarachetan.com\/wp-content\/uploads\/2023\/01\/idbox-2.jpg?resize=350%2C200&ssl=1","width":350,"height":200},"classes":[]},{"id":2627,"url":"https:\/\/clarachetan.com\/index.php\/elementor-2627\/","url_meta":{"origin":2437,"position":2},"title":"Elementor #2627","date":"11 juin 2025","format":false,"excerpt":"illustrations pour Vin de France : \"VDF C\u00e9pages week\" Cr\u00e9ation de 6 illustrations pour les r\u00e9seaux sociaux de Vin de France.","rel":"","context":"Article similaire","img":{"alt_text":"","src":"https:\/\/i0.wp.com\/clarachetan.com\/wp-content\/uploads\/2025\/06\/VDF-1b-1024x730.jpg?resize=350%2C200&ssl=1","width":350,"height":200},"classes":[]},{"id":2463,"url":"https:\/\/clarachetan.com\/index.php\/elementor-2463\/","url_meta":{"origin":2437,"position":3},"title":"Omnis","date":"19 janvier 2025","format":false,"excerpt":"Omnis, cartes de v\u0153ux Cartes de v\u0153ux 2025 illustr\u00e9es r\u00e9alis\u00e9es pour la soci\u00e9t\u00e9 Omnis.\u00a0","rel":"","context":"Article similaire","img":{"alt_text":"","src":"https:\/\/i0.wp.com\/clarachetan.com\/wp-content\/uploads\/2025\/01\/omnis-2b.jpg?resize=350%2C200&ssl=1","width":350,"height":200},"classes":[]},{"id":2483,"url":"https:\/\/clarachetan.com\/index.php\/elementor-2483\/","url_meta":{"origin":2437,"position":4},"title":"pascale edition","date":"20 janvier 2025","format":false,"excerpt":"Papeterie Pascale Edition Cr\u00e9ation de 8 cartes illustr\u00e9es sur le th\u00e8me de Paris et des f\u00eates.Ces cartes sont vendues au Bon march\u00e9 et dans de c\u00e9l\u00e8bres librairies parisiennes.","rel":"","context":"Article similaire","img":{"alt_text":"","src":"https:\/\/i0.wp.com\/clarachetan.com\/wp-content\/uploads\/2025\/01\/p.e-2.jpg?resize=350%2C200&ssl=1","width":350,"height":200},"classes":[]},{"id":1446,"url":"https:\/\/clarachetan.com\/index.php\/a-lombre-des-oliviers\/","url_meta":{"origin":2437,"position":5},"title":"A L&rsquo;Ombre des Oliviers","date":"3 janvier 2023","format":false,"excerpt":"A l'Ombre des Oliviers R\u00e9alisation d\u2019illustrations pour la nouvelle bougie de l'agence Garance Creative.\u00a0credits photos : Garance Creative et Maeva Delacroix photographie","rel":"","context":"Article similaire","img":{"alt_text":"","src":"https:\/\/i0.wp.com\/clarachetan.com\/wp-content\/uploads\/2023\/01\/BOUGIE-GARANCE-4.jpg?resize=350%2C200&ssl=1","width":350,"height":200},"classes":[]}],"_links":{"self":[{"href":"https:\/\/clarachetan.com\/index.php\/wp-json\/wp\/v2\/pages\/2437","targetHints":{"allow":["GET"]}}],"collection":[{"href":"https:\/\/clarachetan.com\/index.php\/wp-json\/wp\/v2\/pages"}],"about":[{"href":"https:\/\/clarachetan.com\/index.php\/wp-json\/wp\/v2\/types\/page"}],"author":[{"embeddable":true,"href":"https:\/\/clarachetan.com\/index.php\/wp-json\/wp\/v2\/users\/1"}],"replies":[{"embeddable":true,"href":"https:\/\/clarachetan.com\/index.php\/wp-json\/wp\/v2\/comments?post=2437"}],"version-history":[{"count":4,"href":"https:\/\/clarachetan.com\/index.php\/wp-json\/wp\/v2\/pages\/2437\/revisions"}],"predecessor-version":[{"id":2442,"href":"https:\/\/clarachetan.com\/index.php\/wp-json\/wp\/v2\/pages\/2437\/revisions\/2442"}],"wp:attachment":[{"href":"https:\/\/clarachetan.com\/index.php\/wp-json\/wp\/v2\/media?parent=2437"}],"curies":[{"name":"wp","href":"https:\/\/api.w.org\/{rel}","templated":true}]}}