{"id":1485,"date":"2023-01-03T22:08:18","date_gmt":"2023-01-03T21:08:18","guid":{"rendered":"https:\/\/clarachetan.com\/?page_id=1485"},"modified":"2023-01-03T22:12:50","modified_gmt":"2023-01-03T21:12:50","slug":"kem-glaces-paris","status":"publish","type":"page","link":"https:\/\/clarachetan.com\/index.php\/kem-glaces-paris\/","title":{"rendered":"Kem Glaces Paris"},"content":{"rendered":"\t\t<div data-elementor-type=\"wp-page\" data-elementor-id=\"1485\" class=\"elementor elementor-1485\">\n\t\t\t\t\t\t\t\t\t<section class=\"elementor-section elementor-top-section elementor-element elementor-element-99e31a5 elementor-section-boxed elementor-section-height-default elementor-section-height-default parallax_section_no qode_elementor_container_no\" data-id=\"99e31a5\" data-element_type=\"section\">\n\t\t\t\t\t\t<div class=\"elementor-container elementor-column-gap-default\">\n\t\t\t\t\t<div class=\"elementor-column elementor-col-100 elementor-top-column elementor-element elementor-element-1ffb449\" data-id=\"1ffb449\" data-element_type=\"column\" data-settings=\"{&quot;background_background&quot;:&quot;classic&quot;}\">\n\t\t\t<div class=\"elementor-widget-wrap elementor-element-populated\">\n\t\t\t\t\t\t\t\t<section class=\"elementor-section elementor-inner-section elementor-element elementor-element-959f8ac elementor-section-boxed elementor-section-height-default elementor-section-height-default parallax_section_no qode_elementor_container_no\" data-id=\"959f8ac\" data-element_type=\"section\" data-settings=\"{&quot;background_background&quot;:&quot;classic&quot;}\">\n\t\t\t\t\t\t<div class=\"elementor-container elementor-column-gap-default\">\n\t\t\t\t\t<div class=\"elementor-column elementor-col-100 elementor-inner-column elementor-element elementor-element-a268fa4\" data-id=\"a268fa4\" data-element_type=\"column\" data-settings=\"{&quot;background_background&quot;:&quot;classic&quot;}\">\n\t\t\t<div class=\"elementor-widget-wrap elementor-element-populated\">\n\t\t\t\t\t\t\t\t<div class=\"elementor-element elementor-element-cd577e4 elementor-widget elementor-widget-heading\" data-id=\"cd577e4\" data-element_type=\"widget\" data-widget_type=\"heading.default\">\n\t\t\t\t<div class=\"elementor-widget-container\">\n\t\t\t<style>\/*! elementor - v3.7.8 - 02-10-2022 *\/\n.elementor-heading-title{padding:0;margin:0;line-height:1}.elementor-widget-heading .elementor-heading-title[class*=elementor-size-]>a{color:inherit;font-size:inherit;line-height:inherit}.elementor-widget-heading .elementor-heading-title.elementor-size-small{font-size:15px}.elementor-widget-heading .elementor-heading-title.elementor-size-medium{font-size:19px}.elementor-widget-heading .elementor-heading-title.elementor-size-large{font-size:29px}.elementor-widget-heading .elementor-heading-title.elementor-size-xl{font-size:39px}.elementor-widget-heading .elementor-heading-title.elementor-size-xxl{font-size:59px}<\/style><h1 class=\"elementor-heading-title elementor-size-default\">Kem Glaces Paris<\/h1>\t\t<\/div>\n\t\t\t\t<\/div>\n\t\t\t\t<div class=\"elementor-element elementor-element-6fc5a49 elementor-widget elementor-widget-text-editor\" data-id=\"6fc5a49\" data-element_type=\"widget\" data-widget_type=\"text-editor.default\">\n\t\t\t\t<div class=\"elementor-widget-container\">\n\t\t\t<style>\/*! elementor - v3.7.8 - 02-10-2022 *\/\n.elementor-widget-text-editor.elementor-drop-cap-view-stacked .elementor-drop-cap{background-color:#818a91;color:#fff}.elementor-widget-text-editor.elementor-drop-cap-view-framed .elementor-drop-cap{color:#818a91;border:3px solid;background-color:transparent}.elementor-widget-text-editor:not(.elementor-drop-cap-view-default) .elementor-drop-cap{margin-top:8px}.elementor-widget-text-editor:not(.elementor-drop-cap-view-default) .elementor-drop-cap-letter{width:1em;height:1em}.elementor-widget-text-editor .elementor-drop-cap{float:left;text-align:center;line-height:1;font-size:50px}.elementor-widget-text-editor .elementor-drop-cap-letter{display:inline-block}<\/style>\t\t\t\t<p>Cr\u00e9ation d\u2019une identit\u00e9 visuelle pour le Pop up store de glaces parisiennes : Kem Glaces, install\u00e9 au Printemps et au Hoxton.\u00a0Une forme de glace sp\u00e9cifique \u00e0 la marque, un jeu bi-go\u00fbt et des couleurs app\u00e9tantes&#8230; Bienvenue chez Kem Glaces !<\/p>\t\t\t\t\t\t<\/div>\n\t\t\t\t<\/div>\n\t\t\t\t\t<\/div>\n\t\t<\/div>\n\t\t\t\t\t\t\t<\/div>\n\t\t<\/section>\n\t\t\t\t<div class=\"elementor-element elementor-element-8316c28 elementor-widget elementor-widget-image\" data-id=\"8316c28\" data-element_type=\"widget\" data-widget_type=\"image.default\">\n\t\t\t\t<div class=\"elementor-widget-container\">\n\t\t\t<style>\/*! elementor - v3.7.8 - 02-10-2022 *\/\n.elementor-widget-image{text-align:center}.elementor-widget-image a{display:inline-block}.elementor-widget-image a img[src$=\".svg\"]{width:48px}.elementor-widget-image img{vertical-align:middle;display:inline-block}<\/style>\t\t\t\t\t\t\t\t\t\t\t\t<img loading=\"lazy\" decoding=\"async\" width=\"2000\" height=\"1414\" src=\"https:\/\/i0.wp.com\/clarachetan.com\/wp-content\/uploads\/2023\/01\/Kemglaces-7.jpg?fit=2000%2C1414&amp;ssl=1\" class=\"attachment-full size-full\" alt=\"\" srcset=\"https:\/\/i0.wp.com\/clarachetan.com\/wp-content\/uploads\/2023\/01\/Kemglaces-7.jpg?w=2000&amp;ssl=1 2000w, https:\/\/i0.wp.com\/clarachetan.com\/wp-content\/uploads\/2023\/01\/Kemglaces-7.jpg?resize=300%2C212&amp;ssl=1 300w, https:\/\/i0.wp.com\/clarachetan.com\/wp-content\/uploads\/2023\/01\/Kemglaces-7.jpg?resize=1024%2C724&amp;ssl=1 1024w, https:\/\/i0.wp.com\/clarachetan.com\/wp-content\/uploads\/2023\/01\/Kemglaces-7.jpg?resize=768%2C543&amp;ssl=1 768w, https:\/\/i0.wp.com\/clarachetan.com\/wp-content\/uploads\/2023\/01\/Kemglaces-7.jpg?resize=1536%2C1086&amp;ssl=1 1536w, https:\/\/i0.wp.com\/clarachetan.com\/wp-content\/uploads\/2023\/01\/Kemglaces-7.jpg?resize=700%2C495&amp;ssl=1 700w, https:\/\/i0.wp.com\/clarachetan.com\/wp-content\/uploads\/2023\/01\/Kemglaces-7.jpg?resize=600%2C424&amp;ssl=1 600w\" sizes=\"auto, (max-width: 1060px) 100vw, 1060px\" \/>\t\t\t\t\t\t\t\t\t\t\t\t\t\t\t<\/div>\n\t\t\t\t<\/div>\n\t\t\t\t<div class=\"elementor-element elementor-element-e036270 elementor-widget elementor-widget-image\" data-id=\"e036270\" data-element_type=\"widget\" data-widget_type=\"image.default\">\n\t\t\t\t<div class=\"elementor-widget-container\">\n\t\t\t\t\t\t\t\t\t\t\t\t\t\t\t<img loading=\"lazy\" decoding=\"async\" width=\"2000\" height=\"1414\" src=\"https:\/\/i0.wp.com\/clarachetan.com\/wp-content\/uploads\/2023\/01\/Kemglaces-1.jpg?fit=2000%2C1414&amp;ssl=1\" class=\"attachment-full size-full\" alt=\"\" srcset=\"https:\/\/i0.wp.com\/clarachetan.com\/wp-content\/uploads\/2023\/01\/Kemglaces-1.jpg?w=2000&amp;ssl=1 2000w, https:\/\/i0.wp.com\/clarachetan.com\/wp-content\/uploads\/2023\/01\/Kemglaces-1.jpg?resize=300%2C212&amp;ssl=1 300w, https:\/\/i0.wp.com\/clarachetan.com\/wp-content\/uploads\/2023\/01\/Kemglaces-1.jpg?resize=1024%2C724&amp;ssl=1 1024w, https:\/\/i0.wp.com\/clarachetan.com\/wp-content\/uploads\/2023\/01\/Kemglaces-1.jpg?resize=768%2C543&amp;ssl=1 768w, https:\/\/i0.wp.com\/clarachetan.com\/wp-content\/uploads\/2023\/01\/Kemglaces-1.jpg?resize=1536%2C1086&amp;ssl=1 1536w, https:\/\/i0.wp.com\/clarachetan.com\/wp-content\/uploads\/2023\/01\/Kemglaces-1.jpg?resize=700%2C495&amp;ssl=1 700w, https:\/\/i0.wp.com\/clarachetan.com\/wp-content\/uploads\/2023\/01\/Kemglaces-1.jpg?resize=600%2C424&amp;ssl=1 600w\" sizes=\"auto, (max-width: 1060px) 100vw, 1060px\" \/>\t\t\t\t\t\t\t\t\t\t\t\t\t\t\t<\/div>\n\t\t\t\t<\/div>\n\t\t\t\t<div class=\"elementor-element elementor-element-98f7f0e elementor-widget elementor-widget-image\" data-id=\"98f7f0e\" data-element_type=\"widget\" data-widget_type=\"image.default\">\n\t\t\t\t<div class=\"elementor-widget-container\">\n\t\t\t\t\t\t\t\t\t\t\t\t\t\t\t<img loading=\"lazy\" decoding=\"async\" width=\"2000\" height=\"1414\" src=\"https:\/\/i0.wp.com\/clarachetan.com\/wp-content\/uploads\/2023\/01\/Kemglaces-2.jpg?fit=2000%2C1414&amp;ssl=1\" class=\"attachment-full size-full\" alt=\"\" srcset=\"https:\/\/i0.wp.com\/clarachetan.com\/wp-content\/uploads\/2023\/01\/Kemglaces-2.jpg?w=2000&amp;ssl=1 2000w, https:\/\/i0.wp.com\/clarachetan.com\/wp-content\/uploads\/2023\/01\/Kemglaces-2.jpg?resize=300%2C212&amp;ssl=1 300w, https:\/\/i0.wp.com\/clarachetan.com\/wp-content\/uploads\/2023\/01\/Kemglaces-2.jpg?resize=1024%2C724&amp;ssl=1 1024w, https:\/\/i0.wp.com\/clarachetan.com\/wp-content\/uploads\/2023\/01\/Kemglaces-2.jpg?resize=768%2C543&amp;ssl=1 768w, https:\/\/i0.wp.com\/clarachetan.com\/wp-content\/uploads\/2023\/01\/Kemglaces-2.jpg?resize=1536%2C1086&amp;ssl=1 1536w, https:\/\/i0.wp.com\/clarachetan.com\/wp-content\/uploads\/2023\/01\/Kemglaces-2.jpg?resize=700%2C495&amp;ssl=1 700w, https:\/\/i0.wp.com\/clarachetan.com\/wp-content\/uploads\/2023\/01\/Kemglaces-2.jpg?resize=600%2C424&amp;ssl=1 600w\" sizes=\"auto, (max-width: 1060px) 100vw, 1060px\" \/>\t\t\t\t\t\t\t\t\t\t\t\t\t\t\t<\/div>\n\t\t\t\t<\/div>\n\t\t\t\t<div class=\"elementor-element elementor-element-00ea263 elementor-widget elementor-widget-image\" data-id=\"00ea263\" data-element_type=\"widget\" data-widget_type=\"image.default\">\n\t\t\t\t<div class=\"elementor-widget-container\">\n\t\t\t\t\t\t\t\t\t\t\t\t\t\t\t<img loading=\"lazy\" decoding=\"async\" width=\"2000\" height=\"1414\" src=\"https:\/\/i0.wp.com\/clarachetan.com\/wp-content\/uploads\/2023\/01\/Kemglaces-3.jpg?fit=2000%2C1414&amp;ssl=1\" class=\"attachment-full size-full\" alt=\"\" srcset=\"https:\/\/i0.wp.com\/clarachetan.com\/wp-content\/uploads\/2023\/01\/Kemglaces-3.jpg?w=2000&amp;ssl=1 2000w, https:\/\/i0.wp.com\/clarachetan.com\/wp-content\/uploads\/2023\/01\/Kemglaces-3.jpg?resize=300%2C212&amp;ssl=1 300w, https:\/\/i0.wp.com\/clarachetan.com\/wp-content\/uploads\/2023\/01\/Kemglaces-3.jpg?resize=1024%2C724&amp;ssl=1 1024w, https:\/\/i0.wp.com\/clarachetan.com\/wp-content\/uploads\/2023\/01\/Kemglaces-3.jpg?resize=768%2C543&amp;ssl=1 768w, https:\/\/i0.wp.com\/clarachetan.com\/wp-content\/uploads\/2023\/01\/Kemglaces-3.jpg?resize=1536%2C1086&amp;ssl=1 1536w, https:\/\/i0.wp.com\/clarachetan.com\/wp-content\/uploads\/2023\/01\/Kemglaces-3.jpg?resize=700%2C495&amp;ssl=1 700w, https:\/\/i0.wp.com\/clarachetan.com\/wp-content\/uploads\/2023\/01\/Kemglaces-3.jpg?resize=600%2C424&amp;ssl=1 600w\" sizes=\"auto, (max-width: 1060px) 100vw, 1060px\" \/>\t\t\t\t\t\t\t\t\t\t\t\t\t\t\t<\/div>\n\t\t\t\t<\/div>\n\t\t\t\t<div class=\"elementor-element elementor-element-f8de801 elementor-widget elementor-widget-image\" data-id=\"f8de801\" data-element_type=\"widget\" data-widget_type=\"image.default\">\n\t\t\t\t<div class=\"elementor-widget-container\">\n\t\t\t\t\t\t\t\t\t\t\t\t\t\t\t<img loading=\"lazy\" decoding=\"async\" width=\"2000\" height=\"1414\" src=\"https:\/\/i0.wp.com\/clarachetan.com\/wp-content\/uploads\/2023\/01\/Kemglaces-4.jpg?fit=2000%2C1414&amp;ssl=1\" class=\"attachment-full size-full\" alt=\"\" srcset=\"https:\/\/i0.wp.com\/clarachetan.com\/wp-content\/uploads\/2023\/01\/Kemglaces-4.jpg?w=2000&amp;ssl=1 2000w, https:\/\/i0.wp.com\/clarachetan.com\/wp-content\/uploads\/2023\/01\/Kemglaces-4.jpg?resize=300%2C212&amp;ssl=1 300w, https:\/\/i0.wp.com\/clarachetan.com\/wp-content\/uploads\/2023\/01\/Kemglaces-4.jpg?resize=1024%2C724&amp;ssl=1 1024w, https:\/\/i0.wp.com\/clarachetan.com\/wp-content\/uploads\/2023\/01\/Kemglaces-4.jpg?resize=768%2C543&amp;ssl=1 768w, https:\/\/i0.wp.com\/clarachetan.com\/wp-content\/uploads\/2023\/01\/Kemglaces-4.jpg?resize=1536%2C1086&amp;ssl=1 1536w, https:\/\/i0.wp.com\/clarachetan.com\/wp-content\/uploads\/2023\/01\/Kemglaces-4.jpg?resize=700%2C495&amp;ssl=1 700w, https:\/\/i0.wp.com\/clarachetan.com\/wp-content\/uploads\/2023\/01\/Kemglaces-4.jpg?resize=600%2C424&amp;ssl=1 600w\" sizes=\"auto, (max-width: 1060px) 100vw, 1060px\" \/>\t\t\t\t\t\t\t\t\t\t\t\t\t\t\t<\/div>\n\t\t\t\t<\/div>\n\t\t\t\t<div class=\"elementor-element elementor-element-7c1876f elementor-widget elementor-widget-image\" data-id=\"7c1876f\" data-element_type=\"widget\" data-widget_type=\"image.default\">\n\t\t\t\t<div class=\"elementor-widget-container\">\n\t\t\t\t\t\t\t\t\t\t\t\t\t\t\t<img loading=\"lazy\" decoding=\"async\" width=\"2000\" height=\"1414\" src=\"https:\/\/i0.wp.com\/clarachetan.com\/wp-content\/uploads\/2023\/01\/Kemglaces-5.jpg?fit=2000%2C1414&amp;ssl=1\" class=\"attachment-full size-full\" alt=\"\" srcset=\"https:\/\/i0.wp.com\/clarachetan.com\/wp-content\/uploads\/2023\/01\/Kemglaces-5.jpg?w=2000&amp;ssl=1 2000w, https:\/\/i0.wp.com\/clarachetan.com\/wp-content\/uploads\/2023\/01\/Kemglaces-5.jpg?resize=300%2C212&amp;ssl=1 300w, https:\/\/i0.wp.com\/clarachetan.com\/wp-content\/uploads\/2023\/01\/Kemglaces-5.jpg?resize=1024%2C724&amp;ssl=1 1024w, https:\/\/i0.wp.com\/clarachetan.com\/wp-content\/uploads\/2023\/01\/Kemglaces-5.jpg?resize=768%2C543&amp;ssl=1 768w, https:\/\/i0.wp.com\/clarachetan.com\/wp-content\/uploads\/2023\/01\/Kemglaces-5.jpg?resize=1536%2C1086&amp;ssl=1 1536w, https:\/\/i0.wp.com\/clarachetan.com\/wp-content\/uploads\/2023\/01\/Kemglaces-5.jpg?resize=700%2C495&amp;ssl=1 700w, https:\/\/i0.wp.com\/clarachetan.com\/wp-content\/uploads\/2023\/01\/Kemglaces-5.jpg?resize=600%2C424&amp;ssl=1 600w\" sizes=\"auto, (max-width: 1060px) 100vw, 1060px\" \/>\t\t\t\t\t\t\t\t\t\t\t\t\t\t\t<\/div>\n\t\t\t\t<\/div>\n\t\t\t\t<div class=\"elementor-element elementor-element-a222fe5 elementor-widget elementor-widget-image\" data-id=\"a222fe5\" data-element_type=\"widget\" data-widget_type=\"image.default\">\n\t\t\t\t<div class=\"elementor-widget-container\">\n\t\t\t\t\t\t\t\t\t\t\t\t\t\t\t<img loading=\"lazy\" decoding=\"async\" width=\"2000\" height=\"1414\" src=\"https:\/\/i0.wp.com\/clarachetan.com\/wp-content\/uploads\/2023\/01\/Kemglaces-6.jpg?fit=2000%2C1414&amp;ssl=1\" class=\"attachment-full size-full\" alt=\"\" srcset=\"https:\/\/i0.wp.com\/clarachetan.com\/wp-content\/uploads\/2023\/01\/Kemglaces-6.jpg?w=2000&amp;ssl=1 2000w, https:\/\/i0.wp.com\/clarachetan.com\/wp-content\/uploads\/2023\/01\/Kemglaces-6.jpg?resize=300%2C212&amp;ssl=1 300w, https:\/\/i0.wp.com\/clarachetan.com\/wp-content\/uploads\/2023\/01\/Kemglaces-6.jpg?resize=1024%2C724&amp;ssl=1 1024w, https:\/\/i0.wp.com\/clarachetan.com\/wp-content\/uploads\/2023\/01\/Kemglaces-6.jpg?resize=768%2C543&amp;ssl=1 768w, https:\/\/i0.wp.com\/clarachetan.com\/wp-content\/uploads\/2023\/01\/Kemglaces-6.jpg?resize=1536%2C1086&amp;ssl=1 1536w, https:\/\/i0.wp.com\/clarachetan.com\/wp-content\/uploads\/2023\/01\/Kemglaces-6.jpg?resize=700%2C495&amp;ssl=1 700w, https:\/\/i0.wp.com\/clarachetan.com\/wp-content\/uploads\/2023\/01\/Kemglaces-6.jpg?resize=600%2C424&amp;ssl=1 600w\" sizes=\"auto, (max-width: 1060px) 100vw, 1060px\" \/>\t\t\t\t\t\t\t\t\t\t\t\t\t\t\t<\/div>\n\t\t\t\t<\/div>\n\t\t\t\t\t<\/div>\n\t\t<\/div>\n\t\t\t\t\t\t\t<\/div>\n\t\t<\/section>\n\t\t\t\t\t\t\t<\/div>\n\t\t","protected":false},"excerpt":{"rendered":"<p>Kem Glaces Paris Cr\u00e9ation d\u2019une identit\u00e9 visuelle pour le Pop up store de glaces parisiennes : Kem Glaces, install\u00e9 au Printemps et au Hoxton.\u00a0Une forme de glace sp\u00e9cifique \u00e0 la marque, un jeu bi-go\u00fbt et des couleurs app\u00e9tantes&#8230; Bienvenue chez Kem Glaces !<\/p>\n","protected":false},"author":1,"featured_media":0,"parent":0,"menu_order":0,"comment_status":"closed","ping_status":"closed","template":"","meta":{"spay_email":"","footnotes":""},"class_list":["post-1485","page","type-page","status-publish","hentry"],"jetpack-related-posts":[{"id":2483,"url":"https:\/\/clarachetan.com\/index.php\/elementor-2483\/","url_meta":{"origin":1485,"position":0},"title":"pascale edition","date":"20 janvier 2025","format":false,"excerpt":"Papeterie Pascale Edition Cr\u00e9ation de 8 cartes illustr\u00e9es sur le th\u00e8me de Paris et des f\u00eates.Ces cartes sont vendues au Bon march\u00e9 et dans de c\u00e9l\u00e8bres librairies parisiennes.","rel":"","context":"Article similaire","img":{"alt_text":"","src":"https:\/\/i0.wp.com\/clarachetan.com\/wp-content\/uploads\/2025\/01\/p.e-2.jpg?resize=350%2C200&ssl=1","width":350,"height":200},"classes":[]},{"id":2449,"url":"https:\/\/clarachetan.com\/index.php\/elementor-2449\/","url_meta":{"origin":1485,"position":1},"title":"Fresque illustr\u00e9e H\u00f4tel Renaissance","date":"19 janvier 2025","format":false,"excerpt":"Fresque illustr\u00e9e \u00e0 l'H\u00f4tel Renaissance, Paris Cr\u00e9ation d'une fresque illustr\u00e9e pour la p\u00e9riode des f\u00eates de No\u00ebl au sein de l'H\u00f4tel Renaissance Paris. Illustrations r\u00e9alis\u00e9es au posca \u00e0 la main sur la porte d'entr\u00e9e ainsi que sur 7 vitres \u00e0 l'int\u00e9rieur du lieu.","rel":"","context":"Article similaire","img":{"alt_text":"","src":"https:\/\/i0.wp.com\/clarachetan.com\/wp-content\/uploads\/2025\/01\/fresque-4.jpg?resize=350%2C200&ssl=1","width":350,"height":200},"classes":[]},{"id":1908,"url":"https:\/\/clarachetan.com\/index.php\/la-fete-des-vendanges-de-montmartre\/","url_meta":{"origin":1485,"position":2},"title":"La F\u00eate des Vendanges de Montmartre","date":"6 novembre 2023","format":false,"excerpt":"La F\u00eate des Vendanges de Montmartre Cr\u00e9ation de 2 affiches illustr\u00e9es pour les Vendanges de Montmartre. Organisation d\u2019un concours avec la ville de Paris sur leurs r\u00e9seaux sociaux.","rel":"","context":"Article similaire","img":{"alt_text":"","src":"https:\/\/i0.wp.com\/clarachetan.com\/wp-content\/uploads\/2023\/11\/collabs2-SITE-09-scaled.jpg?resize=350%2C200&ssl=1","width":350,"height":200},"classes":[]},{"id":2627,"url":"https:\/\/clarachetan.com\/index.php\/elementor-2627\/","url_meta":{"origin":1485,"position":3},"title":"Elementor #2627","date":"11 juin 2025","format":false,"excerpt":"illustrations pour Vin de France : \"VDF C\u00e9pages week\" Cr\u00e9ation de 6 illustrations pour les r\u00e9seaux sociaux de Vin de France.","rel":"","context":"Article similaire","img":{"alt_text":"","src":"https:\/\/i0.wp.com\/clarachetan.com\/wp-content\/uploads\/2025\/06\/VDF-1b-1024x730.jpg?resize=350%2C200&ssl=1","width":350,"height":200},"classes":[]},{"id":2463,"url":"https:\/\/clarachetan.com\/index.php\/elementor-2463\/","url_meta":{"origin":1485,"position":4},"title":"Omnis","date":"19 janvier 2025","format":false,"excerpt":"Omnis, cartes de v\u0153ux Cartes de v\u0153ux 2025 illustr\u00e9es r\u00e9alis\u00e9es pour la soci\u00e9t\u00e9 Omnis.\u00a0","rel":"","context":"Article similaire","img":{"alt_text":"","src":"https:\/\/i0.wp.com\/clarachetan.com\/wp-content\/uploads\/2025\/01\/omnis-2b.jpg?resize=350%2C200&ssl=1","width":350,"height":200},"classes":[]},{"id":2437,"url":"https:\/\/clarachetan.com\/index.php\/wonderbox-2\/","url_meta":{"origin":1485,"position":5},"title":"Wonderbox","date":"19 janvier 2025","format":false,"excerpt":"Wonderbox, box illustr\u00e9s Cr\u00e9ation de box illustr\u00e9es pour Wonderbox.","rel":"","context":"Article similaire","img":{"alt_text":"","src":"https:\/\/i0.wp.com\/clarachetan.com\/wp-content\/uploads\/2025\/01\/wonderbox.jpg?resize=350%2C200&ssl=1","width":350,"height":200},"classes":[]}],"_links":{"self":[{"href":"https:\/\/clarachetan.com\/index.php\/wp-json\/wp\/v2\/pages\/1485","targetHints":{"allow":["GET"]}}],"collection":[{"href":"https:\/\/clarachetan.com\/index.php\/wp-json\/wp\/v2\/pages"}],"about":[{"href":"https:\/\/clarachetan.com\/index.php\/wp-json\/wp\/v2\/types\/page"}],"author":[{"embeddable":true,"href":"https:\/\/clarachetan.com\/index.php\/wp-json\/wp\/v2\/users\/1"}],"replies":[{"embeddable":true,"href":"https:\/\/clarachetan.com\/index.php\/wp-json\/wp\/v2\/comments?post=1485"}],"version-history":[{"count":4,"href":"https:\/\/clarachetan.com\/index.php\/wp-json\/wp\/v2\/pages\/1485\/revisions"}],"predecessor-version":[{"id":1497,"href":"https:\/\/clarachetan.com\/index.php\/wp-json\/wp\/v2\/pages\/1485\/revisions\/1497"}],"wp:attachment":[{"href":"https:\/\/clarachetan.com\/index.php\/wp-json\/wp\/v2\/media?parent=1485"}],"curies":[{"name":"wp","href":"https:\/\/api.w.org\/{rel}","templated":true}]}}