{"id":1446,"date":"2023-01-03T21:43:00","date_gmt":"2023-01-03T20:43:00","guid":{"rendered":"https:\/\/clarachetan.com\/?page_id=1446"},"modified":"2023-01-03T21:46:59","modified_gmt":"2023-01-03T20:46:59","slug":"a-lombre-des-oliviers","status":"publish","type":"page","link":"https:\/\/clarachetan.com\/index.php\/a-lombre-des-oliviers\/","title":{"rendered":"A L&rsquo;Ombre des Oliviers"},"content":{"rendered":"\t\t<div data-elementor-type=\"wp-page\" data-elementor-id=\"1446\" class=\"elementor elementor-1446\">\n\t\t\t\t\t\t\t\t\t<section class=\"elementor-section elementor-top-section elementor-element elementor-element-b5480af elementor-section-boxed elementor-section-height-default elementor-section-height-default parallax_section_no qode_elementor_container_no\" data-id=\"b5480af\" data-element_type=\"section\">\n\t\t\t\t\t\t<div class=\"elementor-container elementor-column-gap-default\">\n\t\t\t\t\t<div class=\"elementor-column elementor-col-100 elementor-top-column elementor-element elementor-element-448dde9\" data-id=\"448dde9\" data-element_type=\"column\" data-settings=\"{&quot;background_background&quot;:&quot;classic&quot;}\">\n\t\t\t<div class=\"elementor-widget-wrap elementor-element-populated\">\n\t\t\t\t\t\t\t\t<section class=\"elementor-section elementor-inner-section elementor-element elementor-element-13c7ff2 elementor-section-boxed elementor-section-height-default elementor-section-height-default parallax_section_no qode_elementor_container_no\" data-id=\"13c7ff2\" data-element_type=\"section\" data-settings=\"{&quot;background_background&quot;:&quot;classic&quot;}\">\n\t\t\t\t\t\t<div class=\"elementor-container elementor-column-gap-default\">\n\t\t\t\t\t<div class=\"elementor-column elementor-col-100 elementor-inner-column elementor-element elementor-element-677d5e9\" data-id=\"677d5e9\" data-element_type=\"column\" data-settings=\"{&quot;background_background&quot;:&quot;classic&quot;}\">\n\t\t\t<div class=\"elementor-widget-wrap elementor-element-populated\">\n\t\t\t\t\t\t\t\t<div class=\"elementor-element elementor-element-edf7482 elementor-widget elementor-widget-heading\" data-id=\"edf7482\" data-element_type=\"widget\" data-widget_type=\"heading.default\">\n\t\t\t\t<div class=\"elementor-widget-container\">\n\t\t\t<style>\/*! elementor - v3.7.8 - 02-10-2022 *\/\n.elementor-heading-title{padding:0;margin:0;line-height:1}.elementor-widget-heading .elementor-heading-title[class*=elementor-size-]>a{color:inherit;font-size:inherit;line-height:inherit}.elementor-widget-heading .elementor-heading-title.elementor-size-small{font-size:15px}.elementor-widget-heading .elementor-heading-title.elementor-size-medium{font-size:19px}.elementor-widget-heading .elementor-heading-title.elementor-size-large{font-size:29px}.elementor-widget-heading .elementor-heading-title.elementor-size-xl{font-size:39px}.elementor-widget-heading .elementor-heading-title.elementor-size-xxl{font-size:59px}<\/style><h1 class=\"elementor-heading-title elementor-size-default\">A l'Ombre des Oliviers<\/h1>\t\t<\/div>\n\t\t\t\t<\/div>\n\t\t\t\t<div class=\"elementor-element elementor-element-bf48bdf elementor-widget elementor-widget-text-editor\" data-id=\"bf48bdf\" data-element_type=\"widget\" data-widget_type=\"text-editor.default\">\n\t\t\t\t<div class=\"elementor-widget-container\">\n\t\t\t<style>\/*! elementor - v3.7.8 - 02-10-2022 *\/\n.elementor-widget-text-editor.elementor-drop-cap-view-stacked .elementor-drop-cap{background-color:#818a91;color:#fff}.elementor-widget-text-editor.elementor-drop-cap-view-framed .elementor-drop-cap{color:#818a91;border:3px solid;background-color:transparent}.elementor-widget-text-editor:not(.elementor-drop-cap-view-default) .elementor-drop-cap{margin-top:8px}.elementor-widget-text-editor:not(.elementor-drop-cap-view-default) .elementor-drop-cap-letter{width:1em;height:1em}.elementor-widget-text-editor .elementor-drop-cap{float:left;text-align:center;line-height:1;font-size:50px}.elementor-widget-text-editor .elementor-drop-cap-letter{display:inline-block}<\/style>\t\t\t\t<p>R\u00e9alisation d\u2019illustrations pour la nouvelle bougie de l&rsquo;agence Garance Creative.\u00a0<br \/>credits photos : Garance Creative et Maeva Delacroix photographie<\/p>\t\t\t\t\t\t<\/div>\n\t\t\t\t<\/div>\n\t\t\t\t\t<\/div>\n\t\t<\/div>\n\t\t\t\t\t\t\t<\/div>\n\t\t<\/section>\n\t\t\t\t<div class=\"elementor-element elementor-element-3b00d5e elementor-widget elementor-widget-image\" data-id=\"3b00d5e\" data-element_type=\"widget\" data-widget_type=\"image.default\">\n\t\t\t\t<div class=\"elementor-widget-container\">\n\t\t\t<style>\/*! elementor - v3.7.8 - 02-10-2022 *\/\n.elementor-widget-image{text-align:center}.elementor-widget-image a{display:inline-block}.elementor-widget-image a img[src$=\".svg\"]{width:48px}.elementor-widget-image img{vertical-align:middle;display:inline-block}<\/style>\t\t\t\t\t\t\t\t\t\t\t\t<img loading=\"lazy\" decoding=\"async\" width=\"2000\" height=\"1414\" src=\"https:\/\/i0.wp.com\/clarachetan.com\/wp-content\/uploads\/2023\/01\/BOUGIE-GARANCE-1.jpg?fit=2000%2C1414&amp;ssl=1\" class=\"attachment-full size-full\" alt=\"\" srcset=\"https:\/\/i0.wp.com\/clarachetan.com\/wp-content\/uploads\/2023\/01\/BOUGIE-GARANCE-1.jpg?w=2000&amp;ssl=1 2000w, https:\/\/i0.wp.com\/clarachetan.com\/wp-content\/uploads\/2023\/01\/BOUGIE-GARANCE-1.jpg?resize=300%2C212&amp;ssl=1 300w, https:\/\/i0.wp.com\/clarachetan.com\/wp-content\/uploads\/2023\/01\/BOUGIE-GARANCE-1.jpg?resize=1024%2C724&amp;ssl=1 1024w, https:\/\/i0.wp.com\/clarachetan.com\/wp-content\/uploads\/2023\/01\/BOUGIE-GARANCE-1.jpg?resize=768%2C543&amp;ssl=1 768w, https:\/\/i0.wp.com\/clarachetan.com\/wp-content\/uploads\/2023\/01\/BOUGIE-GARANCE-1.jpg?resize=1536%2C1086&amp;ssl=1 1536w, https:\/\/i0.wp.com\/clarachetan.com\/wp-content\/uploads\/2023\/01\/BOUGIE-GARANCE-1.jpg?resize=700%2C495&amp;ssl=1 700w, https:\/\/i0.wp.com\/clarachetan.com\/wp-content\/uploads\/2023\/01\/BOUGIE-GARANCE-1.jpg?resize=600%2C424&amp;ssl=1 600w\" sizes=\"auto, (max-width: 1060px) 100vw, 1060px\" \/>\t\t\t\t\t\t\t\t\t\t\t\t\t\t\t<\/div>\n\t\t\t\t<\/div>\n\t\t\t\t<div class=\"elementor-element elementor-element-7cfe17b elementor-widget elementor-widget-image\" data-id=\"7cfe17b\" data-element_type=\"widget\" data-widget_type=\"image.default\">\n\t\t\t\t<div class=\"elementor-widget-container\">\n\t\t\t\t\t\t\t\t\t\t\t\t\t\t\t<img loading=\"lazy\" decoding=\"async\" width=\"2000\" height=\"1414\" src=\"https:\/\/i0.wp.com\/clarachetan.com\/wp-content\/uploads\/2023\/01\/BOUGIE-GARANCE-2.jpg?fit=2000%2C1414&amp;ssl=1\" class=\"attachment-full size-full\" alt=\"\" srcset=\"https:\/\/i0.wp.com\/clarachetan.com\/wp-content\/uploads\/2023\/01\/BOUGIE-GARANCE-2.jpg?w=2000&amp;ssl=1 2000w, https:\/\/i0.wp.com\/clarachetan.com\/wp-content\/uploads\/2023\/01\/BOUGIE-GARANCE-2.jpg?resize=300%2C212&amp;ssl=1 300w, https:\/\/i0.wp.com\/clarachetan.com\/wp-content\/uploads\/2023\/01\/BOUGIE-GARANCE-2.jpg?resize=1024%2C724&amp;ssl=1 1024w, https:\/\/i0.wp.com\/clarachetan.com\/wp-content\/uploads\/2023\/01\/BOUGIE-GARANCE-2.jpg?resize=768%2C543&amp;ssl=1 768w, https:\/\/i0.wp.com\/clarachetan.com\/wp-content\/uploads\/2023\/01\/BOUGIE-GARANCE-2.jpg?resize=1536%2C1086&amp;ssl=1 1536w, https:\/\/i0.wp.com\/clarachetan.com\/wp-content\/uploads\/2023\/01\/BOUGIE-GARANCE-2.jpg?resize=700%2C495&amp;ssl=1 700w, https:\/\/i0.wp.com\/clarachetan.com\/wp-content\/uploads\/2023\/01\/BOUGIE-GARANCE-2.jpg?resize=600%2C424&amp;ssl=1 600w\" sizes=\"auto, (max-width: 1060px) 100vw, 1060px\" \/>\t\t\t\t\t\t\t\t\t\t\t\t\t\t\t<\/div>\n\t\t\t\t<\/div>\n\t\t\t\t<div class=\"elementor-element elementor-element-53a5168 elementor-widget elementor-widget-image\" data-id=\"53a5168\" data-element_type=\"widget\" data-widget_type=\"image.default\">\n\t\t\t\t<div class=\"elementor-widget-container\">\n\t\t\t\t\t\t\t\t\t\t\t\t\t\t\t<img loading=\"lazy\" decoding=\"async\" width=\"1191\" height=\"842\" src=\"https:\/\/i0.wp.com\/clarachetan.com\/wp-content\/uploads\/2023\/01\/BOUGIE-GARANCE-3.jpg?fit=1191%2C842&amp;ssl=1\" class=\"attachment-full size-full\" alt=\"\" srcset=\"https:\/\/i0.wp.com\/clarachetan.com\/wp-content\/uploads\/2023\/01\/BOUGIE-GARANCE-3.jpg?w=1191&amp;ssl=1 1191w, https:\/\/i0.wp.com\/clarachetan.com\/wp-content\/uploads\/2023\/01\/BOUGIE-GARANCE-3.jpg?resize=300%2C212&amp;ssl=1 300w, https:\/\/i0.wp.com\/clarachetan.com\/wp-content\/uploads\/2023\/01\/BOUGIE-GARANCE-3.jpg?resize=1024%2C724&amp;ssl=1 1024w, https:\/\/i0.wp.com\/clarachetan.com\/wp-content\/uploads\/2023\/01\/BOUGIE-GARANCE-3.jpg?resize=768%2C543&amp;ssl=1 768w, https:\/\/i0.wp.com\/clarachetan.com\/wp-content\/uploads\/2023\/01\/BOUGIE-GARANCE-3.jpg?resize=700%2C495&amp;ssl=1 700w, https:\/\/i0.wp.com\/clarachetan.com\/wp-content\/uploads\/2023\/01\/BOUGIE-GARANCE-3.jpg?resize=600%2C424&amp;ssl=1 600w\" sizes=\"auto, (max-width: 1060px) 100vw, 1060px\" \/>\t\t\t\t\t\t\t\t\t\t\t\t\t\t\t<\/div>\n\t\t\t\t<\/div>\n\t\t\t\t<div class=\"elementor-element elementor-element-202fdd2 elementor-widget elementor-widget-image\" data-id=\"202fdd2\" data-element_type=\"widget\" data-widget_type=\"image.default\">\n\t\t\t\t<div class=\"elementor-widget-container\">\n\t\t\t\t\t\t\t\t\t\t\t\t\t\t\t<img loading=\"lazy\" decoding=\"async\" width=\"2000\" height=\"1414\" src=\"https:\/\/i0.wp.com\/clarachetan.com\/wp-content\/uploads\/2023\/01\/BOUGIE-GARANCE-4.jpg?fit=2000%2C1414&amp;ssl=1\" class=\"attachment-full size-full\" alt=\"\" srcset=\"https:\/\/i0.wp.com\/clarachetan.com\/wp-content\/uploads\/2023\/01\/BOUGIE-GARANCE-4.jpg?w=2000&amp;ssl=1 2000w, https:\/\/i0.wp.com\/clarachetan.com\/wp-content\/uploads\/2023\/01\/BOUGIE-GARANCE-4.jpg?resize=300%2C212&amp;ssl=1 300w, https:\/\/i0.wp.com\/clarachetan.com\/wp-content\/uploads\/2023\/01\/BOUGIE-GARANCE-4.jpg?resize=1024%2C724&amp;ssl=1 1024w, https:\/\/i0.wp.com\/clarachetan.com\/wp-content\/uploads\/2023\/01\/BOUGIE-GARANCE-4.jpg?resize=768%2C543&amp;ssl=1 768w, https:\/\/i0.wp.com\/clarachetan.com\/wp-content\/uploads\/2023\/01\/BOUGIE-GARANCE-4.jpg?resize=1536%2C1086&amp;ssl=1 1536w, https:\/\/i0.wp.com\/clarachetan.com\/wp-content\/uploads\/2023\/01\/BOUGIE-GARANCE-4.jpg?resize=700%2C495&amp;ssl=1 700w, https:\/\/i0.wp.com\/clarachetan.com\/wp-content\/uploads\/2023\/01\/BOUGIE-GARANCE-4.jpg?resize=600%2C424&amp;ssl=1 600w\" sizes=\"auto, (max-width: 1060px) 100vw, 1060px\" \/>\t\t\t\t\t\t\t\t\t\t\t\t\t\t\t<\/div>\n\t\t\t\t<\/div>\n\t\t\t\t\t<\/div>\n\t\t<\/div>\n\t\t\t\t\t\t\t<\/div>\n\t\t<\/section>\n\t\t\t\t\t\t\t<\/div>\n\t\t","protected":false},"excerpt":{"rendered":"<p>A l&rsquo;Ombre des Oliviers R\u00e9alisation d\u2019illustrations pour la nouvelle bougie de l&rsquo;agence Garance Creative.\u00a0credits photos : Garance Creative et Maeva Delacroix photographie<\/p>\n","protected":false},"author":1,"featured_media":0,"parent":0,"menu_order":0,"comment_status":"closed","ping_status":"closed","template":"","meta":{"spay_email":"","footnotes":""},"class_list":["post-1446","page","type-page","status-publish","hentry"],"jetpack-related-posts":[{"id":2627,"url":"https:\/\/clarachetan.com\/index.php\/elementor-2627\/","url_meta":{"origin":1446,"position":0},"title":"Elementor #2627","date":"11 juin 2025","format":false,"excerpt":"illustrations pour Vin de France : \"VDF C\u00e9pages week\" Cr\u00e9ation de 6 illustrations pour les r\u00e9seaux sociaux de Vin de France.","rel":"","context":"Article similaire","img":{"alt_text":"","src":"https:\/\/i0.wp.com\/clarachetan.com\/wp-content\/uploads\/2025\/06\/VDF-1b-1024x730.jpg?resize=350%2C200&ssl=1","width":350,"height":200},"classes":[]},{"id":2463,"url":"https:\/\/clarachetan.com\/index.php\/elementor-2463\/","url_meta":{"origin":1446,"position":1},"title":"Omnis","date":"19 janvier 2025","format":false,"excerpt":"Omnis, cartes de v\u0153ux Cartes de v\u0153ux 2025 illustr\u00e9es r\u00e9alis\u00e9es pour la soci\u00e9t\u00e9 Omnis.\u00a0","rel":"","context":"Article similaire","img":{"alt_text":"","src":"https:\/\/i0.wp.com\/clarachetan.com\/wp-content\/uploads\/2025\/01\/omnis-2b.jpg?resize=350%2C200&ssl=1","width":350,"height":200},"classes":[]},{"id":2437,"url":"https:\/\/clarachetan.com\/index.php\/wonderbox-2\/","url_meta":{"origin":1446,"position":2},"title":"Wonderbox","date":"19 janvier 2025","format":false,"excerpt":"Wonderbox, box illustr\u00e9s Cr\u00e9ation de box illustr\u00e9es pour Wonderbox.","rel":"","context":"Article similaire","img":{"alt_text":"","src":"https:\/\/i0.wp.com\/clarachetan.com\/wp-content\/uploads\/2025\/01\/wonderbox.jpg?resize=350%2C200&ssl=1","width":350,"height":200},"classes":[]},{"id":2592,"url":"https:\/\/clarachetan.com\/index.php\/touquet\/","url_meta":{"origin":1446,"position":3},"title":"Touquet","date":"1 mai 2025","format":false,"excerpt":"La Manufacture du Touquet, box illustr\u00e9es Cr\u00e9ation de box illustr\u00e9es pour La Manufacture du Touquet.","rel":"","context":"Article similaire","img":{"alt_text":"","src":"https:\/\/i0.wp.com\/clarachetan.com\/wp-content\/uploads\/2025\/05\/biscuits-letouquet.jpg?resize=350%2C200&ssl=1","width":350,"height":200},"classes":[]},{"id":2483,"url":"https:\/\/clarachetan.com\/index.php\/elementor-2483\/","url_meta":{"origin":1446,"position":4},"title":"pascale edition","date":"20 janvier 2025","format":false,"excerpt":"Papeterie Pascale Edition Cr\u00e9ation de 8 cartes illustr\u00e9es sur le th\u00e8me de Paris et des f\u00eates.Ces cartes sont vendues au Bon march\u00e9 et dans de c\u00e9l\u00e8bres librairies parisiennes.","rel":"","context":"Article similaire","img":{"alt_text":"","src":"https:\/\/i0.wp.com\/clarachetan.com\/wp-content\/uploads\/2025\/01\/p.e-2.jpg?resize=350%2C200&ssl=1","width":350,"height":200},"classes":[]},{"id":813,"url":"https:\/\/clarachetan.com\/index.php\/collabs\/","url_meta":{"origin":1446,"position":5},"title":"Collabs","date":"24 octobre 2022","format":false,"excerpt":"Collabs https:\/\/clarachetan.com\/wp-content\/uploads\/2024\/10\/PUBLI-TCE-CLARACC.mp4 https:\/\/clarachetan.com\/wp-content\/uploads\/2025\/05\/OPRL-generique-illustre-cc.mp4","rel":"","context":"Article similaire","img":{"alt_text":"","src":"https:\/\/i0.wp.com\/clarachetan.com\/wp-content\/uploads\/2025\/10\/bougies-adoptxcla.jpg?resize=350%2C200&ssl=1","width":350,"height":200},"classes":[]}],"_links":{"self":[{"href":"https:\/\/clarachetan.com\/index.php\/wp-json\/wp\/v2\/pages\/1446","targetHints":{"allow":["GET"]}}],"collection":[{"href":"https:\/\/clarachetan.com\/index.php\/wp-json\/wp\/v2\/pages"}],"about":[{"href":"https:\/\/clarachetan.com\/index.php\/wp-json\/wp\/v2\/types\/page"}],"author":[{"embeddable":true,"href":"https:\/\/clarachetan.com\/index.php\/wp-json\/wp\/v2\/users\/1"}],"replies":[{"embeddable":true,"href":"https:\/\/clarachetan.com\/index.php\/wp-json\/wp\/v2\/comments?post=1446"}],"version-history":[{"count":4,"href":"https:\/\/clarachetan.com\/index.php\/wp-json\/wp\/v2\/pages\/1446\/revisions"}],"predecessor-version":[{"id":1454,"href":"https:\/\/clarachetan.com\/index.php\/wp-json\/wp\/v2\/pages\/1446\/revisions\/1454"}],"wp:attachment":[{"href":"https:\/\/clarachetan.com\/index.php\/wp-json\/wp\/v2\/media?parent=1446"}],"curies":[{"name":"wp","href":"https:\/\/api.w.org\/{rel}","templated":true}]}}